{"id":7,"date":"2021-04-19T15:11:31","date_gmt":"2021-04-19T14:11:31","guid":{"rendered":"https:\/\/simongsell.wordpress.com\/?page_id=7"},"modified":"2023-11-09T13:55:02","modified_gmt":"2023-11-09T12:55:02","slug":"blog","status":"publish","type":"page","link":"https:\/\/simongsell.com\/index.php\/blog\/","title":{"rendered":"CV"},"content":{"rendered":"\n<hr class=\"wp-block-separator has-text-color has-vivid-cyan-blue-color has-css-opacity has-vivid-cyan-blue-background-color has-background is-style-wide\"\/>\n\n\n\n<h1 class=\"wp-block-heading has-vivid-cyan-blue-color has-text-color\">Research and education<\/h1>\n\n\n\n<ul class=\"wp-block-list\">\n<li><mark style=\"background-color:rgba(0, 0, 0, 0)\" class=\"has-inline-color has-vivid-cyan-blue-color\">Since 2022<\/mark>: <mark style=\"background-color:rgba(0, 0, 0, 0);color:#798288\" class=\"has-inline-color\"><strong>Associate Professor (Ma\u00eetre de Conf\u00e9rences)<\/strong>,<\/mark> Marseille, France<br>&#8212;&#8212; Aix-Marseille University<br>&#8212;&#8212; Institut de Recherche sur les Ph\u00e9nom\u00e8nes Hors-Equilibire (IRPHE)<\/li>\n\n\n\n<li><mark style=\"background-color:rgba(0, 0, 0, 0)\" class=\"has-inline-color has-vivid-cyan-blue-color\">2021-2022<\/mark>: <strong><mark style=\"background-color:rgba(0, 0, 0, 0);color:#798288\" class=\"has-inline-color\">Postdoctoral researcher<\/mark><\/strong>, Marseille, France<br>&#8212;&#8212; <em>Turing Center for Living Systems<\/em> (<a href=\"https:\/\/centuri-livingsystems.org\/\">CENTURI<\/a>)<br>&#8212;&#8212; <em>Centre de Physique Th\u00e9oriqe de Marseille<\/em> (<a href=\"http:\/\/www.cpt.univ-mrs.fr\/\">CPT<\/a>)<br><em>&#8212;&#8212; Institut de Biologie du D\u00e9veloppement de Marseille<\/em> (<a href=\"http:\/\/www.ibdm.univ-mrs.fr\/fr\/\">IBDM<\/a>) <\/li>\n\n\n\n<li><mark style=\"background-color:rgba(0, 0, 0, 0)\" class=\"has-inline-color has-vivid-cyan-blue-color\">2017-2020<\/mark>: <strong><mark style=\"background-color:rgba(0, 0, 0, 0);color:#798288\" class=\"has-inline-color\">Postdoctoral researcher<\/mark><\/strong>, Marseille, France<br>&#8212;&#8212; <em>Laboratoire de M\u00e9canique, Mod\u00e9lisation et Proc\u00e9d\u00e9s Propres<\/em> (<a href=\"http:\/\/www.m2p2.fr\/\">M2P2<\/a>)<\/li>\n\n\n\n<li><mark style=\"background-color:rgba(0, 0, 0, 0)\" class=\"has-inline-color has-vivid-cyan-blue-color\">2013-2016<\/mark>: <strong><mark style=\"background-color:rgba(0, 0, 0, 0);color:#798288\" class=\"has-inline-color\">PhD<\/mark><\/strong> in fluid mechanics, Toulouse, France<br>&#8212;&#8212; <em>Institut de M\u00e9canique des Fluides de Toulouse<\/em> (<a href=\"https:\/\/www.imft.fr\/\">IMFT<\/a>)  <br>&#8212;&#8212; <em>Institut National Polytechnique de Toulouse<\/em> (<a href=\"https:\/\/www.inp-toulouse.fr\/fr\/index.html\">INPT<\/a>)<\/li>\n\n\n\n<li><mark style=\"background-color:rgba(0, 0, 0, 0)\" class=\"has-inline-color has-vivid-cyan-blue-color\">2012-2013<\/mark>: <strong><mark style=\"background-color:rgba(0, 0, 0, 0);color:#798288\" class=\"has-inline-color\">MSc<\/mark><\/strong> in fluid mechanics, Toulouse France<br>&#8212;&#8212; <em>Universit\u00e9 de Toulouse<\/em><\/li>\n\n\n\n<li><mark style=\"background-color:rgba(0, 0, 0, 0)\" class=\"has-inline-color has-vivid-cyan-blue-color\">2010-2013<\/mark>: <strong><mark style=\"background-color:rgba(0, 0, 0, 0);color:#798288\" class=\"has-inline-color\">Engineering degree<\/mark><\/strong> in hydraulics and fluid mechanics, Toulouse, France<br>&#8212;&#8212; <a href=\"https:\/\/www.enseeiht.fr\/fr\/index.html\">ENSEEIHT<\/a><br>&#8212;&#8212; <em>Institut National Polytechnique de Toulouse<\/em>, <em>Universit\u00e9 de Toulouse<\/em> (<a href=\"https:\/\/www.inp-toulouse.fr\/fr\/index.html\">INPT<\/a>)<\/li>\n<\/ul>\n\n\n\n<hr class=\"wp-block-separator has-text-color has-vivid-cyan-blue-color has-css-opacity has-vivid-cyan-blue-background-color has-background is-style-wide\"\/>\n\n\n\n<h1 class=\"wp-block-heading has-vivid-cyan-blue-color has-text-color\">Teaching<\/h1>\n\n\n\n<ul class=\"wp-block-list\">\n<li><mark style=\"background-color:rgba(0, 0, 0, 0)\" class=\"has-inline-color has-vivid-cyan-blue-color\">Since 2022<\/mark>: <strong><mark style=\"background-color:rgba(0, 0, 0, 0);color:#798288\" class=\"has-inline-color\">Associate Professor<\/mark><\/strong>, Aix-Marseille University, Department of Mechanics<br>&#8212;&#8212; Forces and Statics (2022&#8211;)<br>&#8212;&#8212; Forces and Dynamics (2022&#8211;)<br>&#8212;&#8212; Point Mechanics (2022&#8211;)<br>&#8212;&#8212; System Mechanics (2023&#8211;)<\/li>\n\n\n\n<li><mark style=\"background-color:rgba(0, 0, 0, 0)\" class=\"has-inline-color has-vivid-cyan-blue-color\">2013-2016<\/mark>: <strong><mark style=\"background-color:rgba(0, 0, 0, 0);color:#798288\" class=\"has-inline-color\">Teaching assistant<\/mark><\/strong>, <em>Institut National Polytechnique de Toulouse<\/em><br>&#8212;&#8212; Introduction to turbulence<br>&#8212;&#8212; Numerical methods for Partial Derivative Equations (PDE)<br>&#8212;&#8212; Algorithmic and programming methods <br>&#8212;&#8212; Finite-volume method<br>&#8212;&#8212; UNIX environment<\/li>\n<\/ul>\n\n\n\n<hr class=\"wp-block-separator has-text-color has-vivid-cyan-blue-color has-css-opacity has-vivid-cyan-blue-background-color has-background is-style-wide\"\/>\n\n\n\n<h1 class=\"wp-block-heading\"><mark style=\"background-color:rgba(0, 0, 0, 0)\" class=\"has-inline-color has-vivid-cyan-blue-color\">Awards and fellowships<\/mark><\/h1>\n\n\n\n<ul class=\"wp-block-list\">\n<li><mark style=\"background-color:rgba(0, 0, 0, 0)\" class=\"has-inline-color has-vivid-cyan-blue-color\">2020<\/mark>: <strong><mark style=\"background-color:rgba(0, 0, 0, 0);color:#798288\" class=\"has-inline-color\">Turing Center for Living Systems<\/mark><\/strong> (<a href=\"https:\/\/centuri-livingsystems.org\/\">CENTURI<\/a>) <strong><mark style=\"background-color:rgba(0, 0, 0, 0);color:#798288\" class=\"has-inline-color\">postdoctoral fellowship<\/mark><\/strong> (2 years), Marseille, France<\/li>\n\n\n\n<li><mark style=\"background-color:rgba(0, 0, 0, 0)\" class=\"has-inline-color has-vivid-cyan-blue-color\">2016<\/mark>: <strong><mark style=\"background-color:rgba(0, 0, 0, 0);color:#798288\" class=\"has-inline-color\">PhD fellowship of the French Ministry of Research<\/mark><\/strong> (3 years), doctoral school MEGEP (Toulouse, France)<\/li>\n<\/ul>\n\n\n\n<hr class=\"wp-block-separator has-text-color has-pale-cyan-blue-color has-alpha-channel-opacity has-pale-cyan-blue-background-color has-background is-style-wide\"\/>\n\n\n\n<h1 class=\"wp-block-heading\"><mark style=\"background-color:rgba(0, 0, 0, 0)\" class=\"has-inline-color has-vivid-cyan-blue-color\">Scientific and technical skills<\/mark><\/h1>\n\n\n\n<div class=\"wp-block-columns is-layout-flex wp-container-core-columns-is-layout-9d6595d7 wp-block-columns-is-layout-flex\">\n<div class=\"wp-block-column is-layout-flow wp-block-column-is-layout-flow\">\n<ul class=\"wp-block-list\">\n<li><mark style=\"background-color:rgba(0, 0, 0, 0);color:#798288\" class=\"has-inline-color\"><strong>Computational physics<\/strong><br><\/mark>&#8212;&#8212; Volume of fluid method<br>&#8212;&#8212; Lattice-Boltzmann method<br>&#8212;&#8212; Phase-field method<br>&#8212;&#8212; Immersed-boundary method<br>&#8212;&#8212; Multigrid method<br>&#8212;&#8212; Parallel programming<\/li>\n<\/ul>\n<\/div>\n\n\n\n<div class=\"wp-block-column is-layout-flow wp-block-column-is-layout-flow\">\n<ul class=\"wp-block-list\">\n<li><strong><span style=\"background-color:rgba(0, 0, 0, 0);color:#798288\" class=\"has-inline-color\">Modeling and simulation of fluid flows<\/span><br><\/strong>&#8212;&#8212; Inertial and turbulent flows<br>&#8212;&#8212; Non-inertial \/ viscous flows <br>&#8212;&#8212; Fluid-structure interactions<br>&#8212;&#8212; Complex \/ active fluids <\/li>\n<\/ul>\n<\/div>\n<\/div>\n\n\n\n<hr class=\"wp-block-separator has-text-color has-vivid-cyan-blue-color has-css-opacity has-vivid-cyan-blue-background-color has-background is-style-wide\"\/>\n\n\n\n<h1 class=\"wp-block-heading has-vivid-cyan-blue-color has-text-color\">Other scientific experience<\/h1>\n\n\n\n<div class=\"wp-block-columns is-layout-flex wp-container-core-columns-is-layout-9d6595d7 wp-block-columns-is-layout-flex\">\n<div class=\"wp-block-column is-layout-flow wp-block-column-is-layout-flow\" style=\"flex-basis:51%\">\n<ul class=\"wp-block-list\">\n<li><strong><span style=\"color:#798288\" class=\"has-inline-color\">Referee for international scientific journals<\/span><\/strong><br>&#8212;&#8212; Physical Review Letters<br>&#8212;&#8212; Physical Review E<br>&#8212;&#8212; Journal of Fluid Mechanics<br>&#8212;&#8212; Journal of Computational Physics<br>&#8212;&#8212; Journal of Fluids and Structures<br>&#8212;&#8212; Experimental Thermal and Fluid Science<br>&#8212;&#8212; Applied Ocean Research<\/li>\n<\/ul>\n<\/div>\n\n\n\n<div class=\"wp-block-column is-layout-flow wp-block-column-is-layout-flow\"><\/div>\n<\/div>\n\n\n\n<p><\/p>\n","protected":false},"excerpt":{"rendered":"<p>Research and education Teaching Awards and fellowships Scientific and technical skills Other scientific experience<\/p>\n","protected":false},"author":1,"featured_media":0,"parent":0,"menu_order":0,"comment_status":"closed","ping_status":"closed","template":"","meta":{"_monsterinsights_skip_tracking":false,"_monsterinsights_sitenote_active":false,"_monsterinsights_sitenote_note":"","_monsterinsights_sitenote_category":0,"footnotes":""},"class_list":["post-7","page","type-page","status-publish","hentry"],"_links":{"self":[{"href":"https:\/\/simongsell.com\/index.php\/wp-json\/wp\/v2\/pages\/7","targetHints":{"allow":["GET"]}}],"collection":[{"href":"https:\/\/simongsell.com\/index.php\/wp-json\/wp\/v2\/pages"}],"about":[{"href":"https:\/\/simongsell.com\/index.php\/wp-json\/wp\/v2\/types\/page"}],"author":[{"embeddable":true,"href":"https:\/\/simongsell.com\/index.php\/wp-json\/wp\/v2\/users\/1"}],"replies":[{"embeddable":true,"href":"https:\/\/simongsell.com\/index.php\/wp-json\/wp\/v2\/comments?post=7"}],"version-history":[{"count":36,"href":"https:\/\/simongsell.com\/index.php\/wp-json\/wp\/v2\/pages\/7\/revisions"}],"predecessor-version":[{"id":326,"href":"https:\/\/simongsell.com\/index.php\/wp-json\/wp\/v2\/pages\/7\/revisions\/326"}],"wp:attachment":[{"href":"https:\/\/simongsell.com\/index.php\/wp-json\/wp\/v2\/media?parent=7"}],"curies":[{"name":"wp","href":"https:\/\/api.w.org\/{rel}","templated":true}]}}